{"id":25003,"date":"2026-03-03T07:03:36","date_gmt":"2026-03-03T07:03:36","guid":{"rendered":"https:\/\/bodmob.ro\/?post_type=product&#038;p=25003"},"modified":"2026-03-03T08:14:27","modified_gmt":"2026-03-03T08:14:27","slug":"rudi-copy","status":"publish","type":"product","link":"https:\/\/bodmob.ro\/ro\/produs\/rudi-copy\/","title":{"rendered":"RUDI MD"},"content":{"rendered":"<p>Scaunul <strong>Rudi MD<\/strong> atrage prin procesarea sa simpl\u0103, de stil scandinav. Partea de \u0219ezut, de form\u0103 asem\u0103n\u0103toare unui fotoliu, este acoperit\u0103 cu arcuri sinusoidale foarte confortabil \u0219i durabil, iar tapi\u021beria este pl\u0103cut\u0103 la atingere.<br data-start=\"236\" data-end=\"239\" \/>Liniile clare sunt subliniate de cus\u0103turi discrete. Picioarele scaunului sunt din lemn masiv, fiind puternice \u0219i stabile \u00eentr-un design natural.<\/p>\n","protected":false},"excerpt":{"rendered":"<p>Scaunul Rudi MD atrage prin procesarea sa simpl\u0103, de stil scandinav. Partea de \u0219ezut, de form\u0103 asem\u0103n\u0103toare unui fotoliu, este acoperit\u0103 cu arcuri sinusoidale foarte confortabil \u0219i durabil, iar tapi\u021beria este pl\u0103cut\u0103 la atingere.Liniile clare sunt subliniate de cus\u0103turi discrete. Picioarele scaunului sunt din lemn&#8230;<\/p>\n","protected":false},"featured_media":25005,"template":"","meta":[],"product_cat":[143,146],"product_tag":[],"class_list":{"0":"post-25003","1":"product","2":"type-product","3":"status-publish","4":"has-post-thumbnail","6":"product_cat-scaun","7":"product_cat-scaun-cu-spatar-inalt","9":"first","10":"instock","11":"shipping-taxable","12":"product-type-simple"},"yoast_head":"<!-- This site is optimized with the Yoast SEO plugin v25.4 - https:\/\/yoast.com\/wordpress\/plugins\/seo\/ -->\n<title>RUDI MD - Bodmob<\/title>\n<meta name=\"robots\" content=\"index, follow, max-snippet:-1, max-image-preview:large, max-video-preview:-1\" \/>\n<link rel=\"canonical\" href=\"https:\/\/bodmob.ro\/ro\/produs\/rudi-copy\/\" \/>\n<meta property=\"og:locale\" content=\"ro_RO\" \/>\n<meta property=\"og:type\" content=\"article\" \/>\n<meta property=\"og:title\" content=\"RUDI MD - Bodmob\" \/>\n<meta property=\"og:description\" content=\"Scaunul Rudi MD atrage prin procesarea sa simpl\u0103, de stil scandinav. Partea de \u0219ezut, de form\u0103 asem\u0103n\u0103toare unui fotoliu, este acoperit\u0103 cu arcuri sinusoidale foarte confortabil \u0219i durabil, iar tapi\u021beria este pl\u0103cut\u0103 la atingere.Liniile clare sunt subliniate de cus\u0103turi discrete. Picioarele scaunului sunt din lemn...\" \/>\n<meta property=\"og:url\" content=\"https:\/\/bodmob.ro\/ro\/produs\/rudi-copy\/\" \/>\n<meta property=\"og:site_name\" content=\"Bodmob\" \/>\n<meta property=\"article:modified_time\" content=\"2026-03-03T08:14:27+00:00\" \/>\n<meta property=\"og:image\" content=\"https:\/\/bodmob.ro\/wp-content\/uploads\/2026\/03\/Rudi-MD-side-view-e1772521736740.png\" \/>\n\t<meta property=\"og:image:width\" content=\"763\" \/>\n\t<meta property=\"og:image:height\" content=\"1163\" \/>\n\t<meta property=\"og:image:type\" content=\"image\/png\" \/>\n<meta name=\"twitter:card\" content=\"summary_large_image\" \/>\n<meta name=\"twitter:label1\" content=\"Timp estimat pentru citire\" \/>\n\t<meta name=\"twitter:data1\" content=\"1 minut\" \/>\n<script type=\"application\/ld+json\" class=\"yoast-schema-graph\">{\"@context\":\"https:\/\/schema.org\",\"@graph\":[{\"@type\":\"WebPage\",\"@id\":\"https:\/\/bodmob.ro\/ro\/produs\/rudi-copy\/\",\"url\":\"https:\/\/bodmob.ro\/ro\/produs\/rudi-copy\/\",\"name\":\"RUDI MD - Bodmob\",\"isPartOf\":{\"@id\":\"https:\/\/bodmob.ro\/ro\/#website\"},\"primaryImageOfPage\":{\"@id\":\"https:\/\/bodmob.ro\/ro\/produs\/rudi-copy\/#primaryimage\"},\"image\":{\"@id\":\"https:\/\/bodmob.ro\/ro\/produs\/rudi-copy\/#primaryimage\"},\"thumbnailUrl\":\"https:\/\/bodmob.ro\/wp-content\/uploads\/2026\/03\/Rudi-MD-side-view-e1772521736740.png\",\"datePublished\":\"2026-03-03T07:03:36+00:00\",\"dateModified\":\"2026-03-03T08:14:27+00:00\",\"breadcrumb\":{\"@id\":\"https:\/\/bodmob.ro\/ro\/produs\/rudi-copy\/#breadcrumb\"},\"inLanguage\":\"ro-RO\",\"potentialAction\":[{\"@type\":\"ReadAction\",\"target\":[\"https:\/\/bodmob.ro\/ro\/produs\/rudi-copy\/\"]}]},{\"@type\":\"ImageObject\",\"inLanguage\":\"ro-RO\",\"@id\":\"https:\/\/bodmob.ro\/ro\/produs\/rudi-copy\/#primaryimage\",\"url\":\"https:\/\/bodmob.ro\/wp-content\/uploads\/2026\/03\/Rudi-MD-side-view-e1772521736740.png\",\"contentUrl\":\"https:\/\/bodmob.ro\/wp-content\/uploads\/2026\/03\/Rudi-MD-side-view-e1772521736740.png\",\"width\":763,\"height\":1163},{\"@type\":\"BreadcrumbList\",\"@id\":\"https:\/\/bodmob.ro\/ro\/produs\/rudi-copy\/#breadcrumb\",\"itemListElement\":[{\"@type\":\"ListItem\",\"position\":1,\"name\":\"Home\",\"item\":\"https:\/\/bodmob.ro\/ro\/\"},{\"@type\":\"ListItem\",\"position\":2,\"name\":\"Shop\",\"item\":\"https:\/\/bodmob.ro\/ro\/shop-2\/\"},{\"@type\":\"ListItem\",\"position\":3,\"name\":\"RUDI MD\"}]},{\"@type\":\"WebSite\",\"@id\":\"https:\/\/bodmob.ro\/ro\/#website\",\"url\":\"https:\/\/bodmob.ro\/ro\/\",\"name\":\"Bodmob\",\"description\":\"Furniture - Hard &amp; soft wood\",\"potentialAction\":[{\"@type\":\"SearchAction\",\"target\":{\"@type\":\"EntryPoint\",\"urlTemplate\":\"https:\/\/bodmob.ro\/ro\/?s={search_term_string}\"},\"query-input\":{\"@type\":\"PropertyValueSpecification\",\"valueRequired\":true,\"valueName\":\"search_term_string\"}}],\"inLanguage\":\"ro-RO\"}]}<\/script>\n<!-- \/ Yoast SEO plugin. -->","yoast_head_json":{"title":"RUDI MD - Bodmob","robots":{"index":"index","follow":"follow","max-snippet":"max-snippet:-1","max-image-preview":"max-image-preview:large","max-video-preview":"max-video-preview:-1"},"canonical":"https:\/\/bodmob.ro\/ro\/produs\/rudi-copy\/","og_locale":"ro_RO","og_type":"article","og_title":"RUDI MD - Bodmob","og_description":"Scaunul Rudi MD atrage prin procesarea sa simpl\u0103, de stil scandinav. Partea de \u0219ezut, de form\u0103 asem\u0103n\u0103toare unui fotoliu, este acoperit\u0103 cu arcuri sinusoidale foarte confortabil \u0219i durabil, iar tapi\u021beria este pl\u0103cut\u0103 la atingere.Liniile clare sunt subliniate de cus\u0103turi discrete. Picioarele scaunului sunt din lemn...","og_url":"https:\/\/bodmob.ro\/ro\/produs\/rudi-copy\/","og_site_name":"Bodmob","article_modified_time":"2026-03-03T08:14:27+00:00","og_image":[{"width":763,"height":1163,"url":"https:\/\/bodmob.ro\/wp-content\/uploads\/2026\/03\/Rudi-MD-side-view-e1772521736740.png","type":"image\/png"}],"twitter_card":"summary_large_image","twitter_misc":{"Timp estimat pentru citire":"1 minut"},"schema":{"@context":"https:\/\/schema.org","@graph":[{"@type":"WebPage","@id":"https:\/\/bodmob.ro\/ro\/produs\/rudi-copy\/","url":"https:\/\/bodmob.ro\/ro\/produs\/rudi-copy\/","name":"RUDI MD - Bodmob","isPartOf":{"@id":"https:\/\/bodmob.ro\/ro\/#website"},"primaryImageOfPage":{"@id":"https:\/\/bodmob.ro\/ro\/produs\/rudi-copy\/#primaryimage"},"image":{"@id":"https:\/\/bodmob.ro\/ro\/produs\/rudi-copy\/#primaryimage"},"thumbnailUrl":"https:\/\/bodmob.ro\/wp-content\/uploads\/2026\/03\/Rudi-MD-side-view-e1772521736740.png","datePublished":"2026-03-03T07:03:36+00:00","dateModified":"2026-03-03T08:14:27+00:00","breadcrumb":{"@id":"https:\/\/bodmob.ro\/ro\/produs\/rudi-copy\/#breadcrumb"},"inLanguage":"ro-RO","potentialAction":[{"@type":"ReadAction","target":["https:\/\/bodmob.ro\/ro\/produs\/rudi-copy\/"]}]},{"@type":"ImageObject","inLanguage":"ro-RO","@id":"https:\/\/bodmob.ro\/ro\/produs\/rudi-copy\/#primaryimage","url":"https:\/\/bodmob.ro\/wp-content\/uploads\/2026\/03\/Rudi-MD-side-view-e1772521736740.png","contentUrl":"https:\/\/bodmob.ro\/wp-content\/uploads\/2026\/03\/Rudi-MD-side-view-e1772521736740.png","width":763,"height":1163},{"@type":"BreadcrumbList","@id":"https:\/\/bodmob.ro\/ro\/produs\/rudi-copy\/#breadcrumb","itemListElement":[{"@type":"ListItem","position":1,"name":"Home","item":"https:\/\/bodmob.ro\/ro\/"},{"@type":"ListItem","position":2,"name":"Shop","item":"https:\/\/bodmob.ro\/ro\/shop-2\/"},{"@type":"ListItem","position":3,"name":"RUDI MD"}]},{"@type":"WebSite","@id":"https:\/\/bodmob.ro\/ro\/#website","url":"https:\/\/bodmob.ro\/ro\/","name":"Bodmob","description":"Furniture - Hard &amp; soft wood","potentialAction":[{"@type":"SearchAction","target":{"@type":"EntryPoint","urlTemplate":"https:\/\/bodmob.ro\/ro\/?s={search_term_string}"},"query-input":{"@type":"PropertyValueSpecification","valueRequired":true,"valueName":"search_term_string"}}],"inLanguage":"ro-RO"}]}},"_links":{"self":[{"href":"https:\/\/bodmob.ro\/ro\/wp-json\/wp\/v2\/product\/25003"}],"collection":[{"href":"https:\/\/bodmob.ro\/ro\/wp-json\/wp\/v2\/product"}],"about":[{"href":"https:\/\/bodmob.ro\/ro\/wp-json\/wp\/v2\/types\/product"}],"wp:featuredmedia":[{"embeddable":true,"href":"https:\/\/bodmob.ro\/ro\/wp-json\/wp\/v2\/media\/25005"}],"wp:attachment":[{"href":"https:\/\/bodmob.ro\/ro\/wp-json\/wp\/v2\/media?parent=25003"}],"wp:term":[{"taxonomy":"product_cat","embeddable":true,"href":"https:\/\/bodmob.ro\/ro\/wp-json\/wp\/v2\/product_cat?post=25003"},{"taxonomy":"product_tag","embeddable":true,"href":"https:\/\/bodmob.ro\/ro\/wp-json\/wp\/v2\/product_tag?post=25003"}],"curies":[{"name":"wp","href":"https:\/\/api.w.org\/{rel}","templated":true}]}}