{"id":24763,"date":"2025-10-13T03:44:17","date_gmt":"2025-10-13T03:44:17","guid":{"rendered":"https:\/\/bodmob.ro\/?post_type=product&#038;p=24763"},"modified":"2025-10-13T09:16:02","modified_gmt":"2025-10-13T09:16:02","slug":"nick-chair-with-buttons-copy","status":"publish","type":"product","link":"https:\/\/bodmob.ro\/ro\/produs\/nick-chair-with-buttons-copy\/","title":{"rendered":"NICK WITH BACK BUTTONS"},"content":{"rendered":"<p>Scaun cu sp\u0103tar curbat cu un design modern si confortabil destinat spa\u021biilor de sufragerie, buc\u0103t\u0103rie sau pentru spa\u021bii HORECA.<\/p>\n<p>Cadrul acestuia este realizat din lemn de fag, foarte rezistent, care vine \u00eentr-o varietate de culori, put\u0103nd fi b\u0103i\u021buit in func\u021bie de gusturile dumneavoastr\u0103. Tapi\u021beria scaunului, este realizat\u0103 din textil sau piele ecologic\u0103 de calitate superioar\u0103 care poate avea orice culoare sau model din cele expuse la categoria &#8222;Standard fabrics&#8221;sau putem lucra si din materialul clientului. Scoica sp\u0103tarului este realizat\u0103 din lemn stratificat esent\u0103 fag care \u00eei ofer\u0103 o rezisten\u021b\u0103 crescut\u0103\u00a0 un nivel excep\u021bional de confort si o ergonomie mai bun\u0103 a sp\u0103tarului.Nasturile de pe sp\u0103tarul interior al scaunului d\u0103 o not\u0103 de elegan\u021b\u0103 produselor.<\/p>\n<p>\u0218ezutul scaunului poate fi ales : Sistem de arcuri sinusoidale<\/p>\n<p>Chinga elastic\u0103<\/p>\n<p>\u0218ezut pal<\/p>\n<p>Calitatea superioar\u0103 a poliuretanului de densitate mare folosit la produse confer\u0103 confortului lor pe termen lung .<\/p>\n","protected":false},"excerpt":{"rendered":"<p>Scaun cu sp\u0103tar curbat cu un design modern si confortabil destinat spa\u021biilor de sufragerie, buc\u0103t\u0103rie sau pentru spa\u021bii HORECA. Cadrul acestuia este realizat din lemn de fag, foarte rezistent, care vine \u00eentr-o varietate de culori, put\u0103nd fi b\u0103i\u021buit in func\u021bie de gusturile dumneavoastr\u0103. Tapi\u021beria scaunului,&#8230;<\/p>\n","protected":false},"featured_media":24767,"template":"","meta":[],"product_cat":[143,146],"product_tag":[],"class_list":{"0":"post-24763","1":"product","2":"type-product","3":"status-publish","4":"has-post-thumbnail","6":"product_cat-scaun","7":"product_cat-scaun-cu-spatar-inalt","9":"first","10":"instock","11":"shipping-taxable","12":"product-type-simple"},"yoast_head":"<!-- This site is optimized with the Yoast SEO plugin v25.4 - https:\/\/yoast.com\/wordpress\/plugins\/seo\/ -->\n<title>NICK WITH BACK BUTTONS - Bodmob<\/title>\n<meta name=\"robots\" content=\"index, follow, max-snippet:-1, max-image-preview:large, max-video-preview:-1\" \/>\n<link rel=\"canonical\" href=\"https:\/\/bodmob.ro\/ro\/produs\/nick-chair-with-buttons-copy\/\" \/>\n<meta property=\"og:locale\" content=\"ro_RO\" \/>\n<meta property=\"og:type\" content=\"article\" \/>\n<meta property=\"og:title\" content=\"NICK WITH BACK BUTTONS - Bodmob\" \/>\n<meta property=\"og:description\" content=\"Scaun cu sp\u0103tar curbat cu un design modern si confortabil destinat spa\u021biilor de sufragerie, buc\u0103t\u0103rie sau pentru spa\u021bii HORECA. Cadrul acestuia este realizat din lemn de fag, foarte rezistent, care vine \u00eentr-o varietate de culori, put\u0103nd fi b\u0103i\u021buit in func\u021bie de gusturile dumneavoastr\u0103. Tapi\u021beria scaunului,...\" \/>\n<meta property=\"og:url\" content=\"https:\/\/bodmob.ro\/ro\/produs\/nick-chair-with-buttons-copy\/\" \/>\n<meta property=\"og:site_name\" content=\"Bodmob\" \/>\n<meta property=\"article:modified_time\" content=\"2025-10-13T09:16:02+00:00\" \/>\n<meta property=\"og:image\" content=\"https:\/\/bodmob.ro\/wp-content\/uploads\/2025\/10\/Nick-b.buttons.png\" \/>\n\t<meta property=\"og:image:width\" content=\"1148\" \/>\n\t<meta property=\"og:image:height\" content=\"1609\" \/>\n\t<meta property=\"og:image:type\" content=\"image\/png\" \/>\n<meta name=\"twitter:card\" content=\"summary_large_image\" \/>\n<meta name=\"twitter:label1\" content=\"Timp estimat pentru citire\" \/>\n\t<meta name=\"twitter:data1\" content=\"1 minut\" \/>\n<script type=\"application\/ld+json\" class=\"yoast-schema-graph\">{\"@context\":\"https:\/\/schema.org\",\"@graph\":[{\"@type\":\"WebPage\",\"@id\":\"https:\/\/bodmob.ro\/ro\/produs\/nick-chair-with-buttons-copy\/\",\"url\":\"https:\/\/bodmob.ro\/ro\/produs\/nick-chair-with-buttons-copy\/\",\"name\":\"NICK WITH BACK BUTTONS - Bodmob\",\"isPartOf\":{\"@id\":\"https:\/\/bodmob.ro\/ro\/#website\"},\"primaryImageOfPage\":{\"@id\":\"https:\/\/bodmob.ro\/ro\/produs\/nick-chair-with-buttons-copy\/#primaryimage\"},\"image\":{\"@id\":\"https:\/\/bodmob.ro\/ro\/produs\/nick-chair-with-buttons-copy\/#primaryimage\"},\"thumbnailUrl\":\"https:\/\/bodmob.ro\/wp-content\/uploads\/2025\/10\/Nick-b.buttons.png\",\"datePublished\":\"2025-10-13T03:44:17+00:00\",\"dateModified\":\"2025-10-13T09:16:02+00:00\",\"breadcrumb\":{\"@id\":\"https:\/\/bodmob.ro\/ro\/produs\/nick-chair-with-buttons-copy\/#breadcrumb\"},\"inLanguage\":\"ro-RO\",\"potentialAction\":[{\"@type\":\"ReadAction\",\"target\":[\"https:\/\/bodmob.ro\/ro\/produs\/nick-chair-with-buttons-copy\/\"]}]},{\"@type\":\"ImageObject\",\"inLanguage\":\"ro-RO\",\"@id\":\"https:\/\/bodmob.ro\/ro\/produs\/nick-chair-with-buttons-copy\/#primaryimage\",\"url\":\"https:\/\/bodmob.ro\/wp-content\/uploads\/2025\/10\/Nick-b.buttons.png\",\"contentUrl\":\"https:\/\/bodmob.ro\/wp-content\/uploads\/2025\/10\/Nick-b.buttons.png\",\"width\":1148,\"height\":1609},{\"@type\":\"BreadcrumbList\",\"@id\":\"https:\/\/bodmob.ro\/ro\/produs\/nick-chair-with-buttons-copy\/#breadcrumb\",\"itemListElement\":[{\"@type\":\"ListItem\",\"position\":1,\"name\":\"Home\",\"item\":\"https:\/\/bodmob.ro\/ro\/\"},{\"@type\":\"ListItem\",\"position\":2,\"name\":\"Shop\",\"item\":\"https:\/\/bodmob.ro\/ro\/shop-2\/\"},{\"@type\":\"ListItem\",\"position\":3,\"name\":\"NICK WITH BACK BUTTONS\"}]},{\"@type\":\"WebSite\",\"@id\":\"https:\/\/bodmob.ro\/ro\/#website\",\"url\":\"https:\/\/bodmob.ro\/ro\/\",\"name\":\"Bodmob\",\"description\":\"Furniture - Hard &amp; soft wood\",\"potentialAction\":[{\"@type\":\"SearchAction\",\"target\":{\"@type\":\"EntryPoint\",\"urlTemplate\":\"https:\/\/bodmob.ro\/ro\/?s={search_term_string}\"},\"query-input\":{\"@type\":\"PropertyValueSpecification\",\"valueRequired\":true,\"valueName\":\"search_term_string\"}}],\"inLanguage\":\"ro-RO\"}]}<\/script>\n<!-- \/ Yoast SEO plugin. -->","yoast_head_json":{"title":"NICK WITH BACK BUTTONS - Bodmob","robots":{"index":"index","follow":"follow","max-snippet":"max-snippet:-1","max-image-preview":"max-image-preview:large","max-video-preview":"max-video-preview:-1"},"canonical":"https:\/\/bodmob.ro\/ro\/produs\/nick-chair-with-buttons-copy\/","og_locale":"ro_RO","og_type":"article","og_title":"NICK WITH BACK BUTTONS - Bodmob","og_description":"Scaun cu sp\u0103tar curbat cu un design modern si confortabil destinat spa\u021biilor de sufragerie, buc\u0103t\u0103rie sau pentru spa\u021bii HORECA. Cadrul acestuia este realizat din lemn de fag, foarte rezistent, care vine \u00eentr-o varietate de culori, put\u0103nd fi b\u0103i\u021buit in func\u021bie de gusturile dumneavoastr\u0103. Tapi\u021beria scaunului,...","og_url":"https:\/\/bodmob.ro\/ro\/produs\/nick-chair-with-buttons-copy\/","og_site_name":"Bodmob","article_modified_time":"2025-10-13T09:16:02+00:00","og_image":[{"width":1148,"height":1609,"url":"https:\/\/bodmob.ro\/wp-content\/uploads\/2025\/10\/Nick-b.buttons.png","type":"image\/png"}],"twitter_card":"summary_large_image","twitter_misc":{"Timp estimat pentru citire":"1 minut"},"schema":{"@context":"https:\/\/schema.org","@graph":[{"@type":"WebPage","@id":"https:\/\/bodmob.ro\/ro\/produs\/nick-chair-with-buttons-copy\/","url":"https:\/\/bodmob.ro\/ro\/produs\/nick-chair-with-buttons-copy\/","name":"NICK WITH BACK BUTTONS - Bodmob","isPartOf":{"@id":"https:\/\/bodmob.ro\/ro\/#website"},"primaryImageOfPage":{"@id":"https:\/\/bodmob.ro\/ro\/produs\/nick-chair-with-buttons-copy\/#primaryimage"},"image":{"@id":"https:\/\/bodmob.ro\/ro\/produs\/nick-chair-with-buttons-copy\/#primaryimage"},"thumbnailUrl":"https:\/\/bodmob.ro\/wp-content\/uploads\/2025\/10\/Nick-b.buttons.png","datePublished":"2025-10-13T03:44:17+00:00","dateModified":"2025-10-13T09:16:02+00:00","breadcrumb":{"@id":"https:\/\/bodmob.ro\/ro\/produs\/nick-chair-with-buttons-copy\/#breadcrumb"},"inLanguage":"ro-RO","potentialAction":[{"@type":"ReadAction","target":["https:\/\/bodmob.ro\/ro\/produs\/nick-chair-with-buttons-copy\/"]}]},{"@type":"ImageObject","inLanguage":"ro-RO","@id":"https:\/\/bodmob.ro\/ro\/produs\/nick-chair-with-buttons-copy\/#primaryimage","url":"https:\/\/bodmob.ro\/wp-content\/uploads\/2025\/10\/Nick-b.buttons.png","contentUrl":"https:\/\/bodmob.ro\/wp-content\/uploads\/2025\/10\/Nick-b.buttons.png","width":1148,"height":1609},{"@type":"BreadcrumbList","@id":"https:\/\/bodmob.ro\/ro\/produs\/nick-chair-with-buttons-copy\/#breadcrumb","itemListElement":[{"@type":"ListItem","position":1,"name":"Home","item":"https:\/\/bodmob.ro\/ro\/"},{"@type":"ListItem","position":2,"name":"Shop","item":"https:\/\/bodmob.ro\/ro\/shop-2\/"},{"@type":"ListItem","position":3,"name":"NICK WITH BACK BUTTONS"}]},{"@type":"WebSite","@id":"https:\/\/bodmob.ro\/ro\/#website","url":"https:\/\/bodmob.ro\/ro\/","name":"Bodmob","description":"Furniture - Hard &amp; soft wood","potentialAction":[{"@type":"SearchAction","target":{"@type":"EntryPoint","urlTemplate":"https:\/\/bodmob.ro\/ro\/?s={search_term_string}"},"query-input":{"@type":"PropertyValueSpecification","valueRequired":true,"valueName":"search_term_string"}}],"inLanguage":"ro-RO"}]}},"_links":{"self":[{"href":"https:\/\/bodmob.ro\/ro\/wp-json\/wp\/v2\/product\/24763"}],"collection":[{"href":"https:\/\/bodmob.ro\/ro\/wp-json\/wp\/v2\/product"}],"about":[{"href":"https:\/\/bodmob.ro\/ro\/wp-json\/wp\/v2\/types\/product"}],"wp:featuredmedia":[{"embeddable":true,"href":"https:\/\/bodmob.ro\/ro\/wp-json\/wp\/v2\/media\/24767"}],"wp:attachment":[{"href":"https:\/\/bodmob.ro\/ro\/wp-json\/wp\/v2\/media?parent=24763"}],"wp:term":[{"taxonomy":"product_cat","embeddable":true,"href":"https:\/\/bodmob.ro\/ro\/wp-json\/wp\/v2\/product_cat?post=24763"},{"taxonomy":"product_tag","embeddable":true,"href":"https:\/\/bodmob.ro\/ro\/wp-json\/wp\/v2\/product_tag?post=24763"}],"curies":[{"name":"wp","href":"https:\/\/api.w.org\/{rel}","templated":true}]}}