{"id":23488,"date":"2023-11-04T08:24:18","date_gmt":"2023-11-04T08:24:18","guid":{"rendered":"https:\/\/bodmob.ro\/?post_type=product&#038;p=23488"},"modified":"2026-02-04T09:10:20","modified_gmt":"2026-02-04T09:10:20","slug":"a-legs-copy","status":"publish","type":"product","link":"https:\/\/bodmob.ro\/ro\/produs\/a-legs-copy\/","title":{"rendered":"METAL X LEGS"},"content":{"rendered":"<p>Picioarele\u00a0 in form\u0103 &#8221;X&#8221; sunt picioare foarte masive care pot fi folosite at\u00eet la mese rustice c\u00eet \u0219i la cele moderne.Sunt confec\u021bionate din exclusiv din metal vopsit negru.<\/p>\n<p>Recomand\u0103m la mese\u00a0 cu lungime minim\u0103 de 200 cm.<\/p>\n","protected":false},"excerpt":{"rendered":"<p>Picioarele\u00a0 in form\u0103 &#8221;X&#8221; sunt picioare foarte masive care pot fi folosite at\u00eet la mese rustice c\u00eet \u0219i la cele moderne.Sunt confec\u021bionate din exclusiv din metal vopsit negru. Recomand\u0103m la mese\u00a0 cu lungime minim\u0103 de 200 cm.<\/p>\n","protected":false},"featured_media":23473,"template":"","meta":[],"product_cat":[149,150],"product_tag":[],"class_list":{"0":"post-23488","1":"product","2":"type-product","3":"status-publish","4":"has-post-thumbnail","6":"product_cat-masa","7":"product_cat-picior-masa","9":"first","10":"instock","11":"shipping-taxable","12":"product-type-simple"},"yoast_head":"<!-- This site is optimized with the Yoast SEO plugin v25.4 - https:\/\/yoast.com\/wordpress\/plugins\/seo\/ -->\n<title>METAL X LEGS - Bodmob<\/title>\n<meta name=\"robots\" content=\"index, follow, max-snippet:-1, max-image-preview:large, max-video-preview:-1\" \/>\n<link rel=\"canonical\" href=\"https:\/\/bodmob.ro\/ro\/produs\/a-legs-copy\/\" \/>\n<meta property=\"og:locale\" content=\"ro_RO\" \/>\n<meta property=\"og:type\" content=\"article\" \/>\n<meta property=\"og:title\" content=\"METAL X LEGS - Bodmob\" \/>\n<meta property=\"og:description\" content=\"Picioarele\u00a0 in form\u0103 &#8221;X&#8221; sunt picioare foarte masive care pot fi folosite at\u00eet la mese rustice c\u00eet \u0219i la cele moderne.Sunt confec\u021bionate din exclusiv din metal vopsit negru. Recomand\u0103m la mese\u00a0 cu lungime minim\u0103 de 200 cm.\" \/>\n<meta property=\"og:url\" content=\"https:\/\/bodmob.ro\/ro\/produs\/a-legs-copy\/\" \/>\n<meta property=\"og:site_name\" content=\"Bodmob\" \/>\n<meta property=\"article:modified_time\" content=\"2026-02-04T09:10:20+00:00\" \/>\n<meta property=\"og:image\" content=\"https:\/\/bodmob.ro\/wp-content\/uploads\/2023\/11\/Picior-x-metal.jpg\" \/>\n\t<meta property=\"og:image:width\" content=\"2560\" \/>\n\t<meta property=\"og:image:height\" content=\"1440\" \/>\n\t<meta property=\"og:image:type\" content=\"image\/jpeg\" \/>\n<meta name=\"twitter:card\" content=\"summary_large_image\" \/>\n<meta name=\"twitter:label1\" content=\"Timp estimat pentru citire\" \/>\n\t<meta name=\"twitter:data1\" content=\"1 minut\" \/>\n<script type=\"application\/ld+json\" class=\"yoast-schema-graph\">{\"@context\":\"https:\/\/schema.org\",\"@graph\":[{\"@type\":\"WebPage\",\"@id\":\"https:\/\/bodmob.ro\/ro\/produs\/a-legs-copy\/\",\"url\":\"https:\/\/bodmob.ro\/ro\/produs\/a-legs-copy\/\",\"name\":\"METAL X LEGS - Bodmob\",\"isPartOf\":{\"@id\":\"https:\/\/bodmob.ro\/ro\/#website\"},\"primaryImageOfPage\":{\"@id\":\"https:\/\/bodmob.ro\/ro\/produs\/a-legs-copy\/#primaryimage\"},\"image\":{\"@id\":\"https:\/\/bodmob.ro\/ro\/produs\/a-legs-copy\/#primaryimage\"},\"thumbnailUrl\":\"https:\/\/bodmob.ro\/wp-content\/uploads\/2023\/11\/Picior-x-metal.jpg\",\"datePublished\":\"2023-11-04T08:24:18+00:00\",\"dateModified\":\"2026-02-04T09:10:20+00:00\",\"breadcrumb\":{\"@id\":\"https:\/\/bodmob.ro\/ro\/produs\/a-legs-copy\/#breadcrumb\"},\"inLanguage\":\"ro-RO\",\"potentialAction\":[{\"@type\":\"ReadAction\",\"target\":[\"https:\/\/bodmob.ro\/ro\/produs\/a-legs-copy\/\"]}]},{\"@type\":\"ImageObject\",\"inLanguage\":\"ro-RO\",\"@id\":\"https:\/\/bodmob.ro\/ro\/produs\/a-legs-copy\/#primaryimage\",\"url\":\"https:\/\/bodmob.ro\/wp-content\/uploads\/2023\/11\/Picior-x-metal.jpg\",\"contentUrl\":\"https:\/\/bodmob.ro\/wp-content\/uploads\/2023\/11\/Picior-x-metal.jpg\",\"width\":2560,\"height\":1440},{\"@type\":\"BreadcrumbList\",\"@id\":\"https:\/\/bodmob.ro\/ro\/produs\/a-legs-copy\/#breadcrumb\",\"itemListElement\":[{\"@type\":\"ListItem\",\"position\":1,\"name\":\"Home\",\"item\":\"https:\/\/bodmob.ro\/ro\/\"},{\"@type\":\"ListItem\",\"position\":2,\"name\":\"Shop\",\"item\":\"https:\/\/bodmob.ro\/ro\/shop-2\/\"},{\"@type\":\"ListItem\",\"position\":3,\"name\":\"METAL X LEGS\"}]},{\"@type\":\"WebSite\",\"@id\":\"https:\/\/bodmob.ro\/ro\/#website\",\"url\":\"https:\/\/bodmob.ro\/ro\/\",\"name\":\"Bodmob\",\"description\":\"Furniture - Hard &amp; soft wood\",\"potentialAction\":[{\"@type\":\"SearchAction\",\"target\":{\"@type\":\"EntryPoint\",\"urlTemplate\":\"https:\/\/bodmob.ro\/ro\/?s={search_term_string}\"},\"query-input\":{\"@type\":\"PropertyValueSpecification\",\"valueRequired\":true,\"valueName\":\"search_term_string\"}}],\"inLanguage\":\"ro-RO\"}]}<\/script>\n<!-- \/ Yoast SEO plugin. -->","yoast_head_json":{"title":"METAL X LEGS - Bodmob","robots":{"index":"index","follow":"follow","max-snippet":"max-snippet:-1","max-image-preview":"max-image-preview:large","max-video-preview":"max-video-preview:-1"},"canonical":"https:\/\/bodmob.ro\/ro\/produs\/a-legs-copy\/","og_locale":"ro_RO","og_type":"article","og_title":"METAL X LEGS - Bodmob","og_description":"Picioarele\u00a0 in form\u0103 &#8221;X&#8221; sunt picioare foarte masive care pot fi folosite at\u00eet la mese rustice c\u00eet \u0219i la cele moderne.Sunt confec\u021bionate din exclusiv din metal vopsit negru. Recomand\u0103m la mese\u00a0 cu lungime minim\u0103 de 200 cm.","og_url":"https:\/\/bodmob.ro\/ro\/produs\/a-legs-copy\/","og_site_name":"Bodmob","article_modified_time":"2026-02-04T09:10:20+00:00","og_image":[{"width":2560,"height":1440,"url":"https:\/\/bodmob.ro\/wp-content\/uploads\/2023\/11\/Picior-x-metal.jpg","type":"image\/jpeg"}],"twitter_card":"summary_large_image","twitter_misc":{"Timp estimat pentru citire":"1 minut"},"schema":{"@context":"https:\/\/schema.org","@graph":[{"@type":"WebPage","@id":"https:\/\/bodmob.ro\/ro\/produs\/a-legs-copy\/","url":"https:\/\/bodmob.ro\/ro\/produs\/a-legs-copy\/","name":"METAL X LEGS - Bodmob","isPartOf":{"@id":"https:\/\/bodmob.ro\/ro\/#website"},"primaryImageOfPage":{"@id":"https:\/\/bodmob.ro\/ro\/produs\/a-legs-copy\/#primaryimage"},"image":{"@id":"https:\/\/bodmob.ro\/ro\/produs\/a-legs-copy\/#primaryimage"},"thumbnailUrl":"https:\/\/bodmob.ro\/wp-content\/uploads\/2023\/11\/Picior-x-metal.jpg","datePublished":"2023-11-04T08:24:18+00:00","dateModified":"2026-02-04T09:10:20+00:00","breadcrumb":{"@id":"https:\/\/bodmob.ro\/ro\/produs\/a-legs-copy\/#breadcrumb"},"inLanguage":"ro-RO","potentialAction":[{"@type":"ReadAction","target":["https:\/\/bodmob.ro\/ro\/produs\/a-legs-copy\/"]}]},{"@type":"ImageObject","inLanguage":"ro-RO","@id":"https:\/\/bodmob.ro\/ro\/produs\/a-legs-copy\/#primaryimage","url":"https:\/\/bodmob.ro\/wp-content\/uploads\/2023\/11\/Picior-x-metal.jpg","contentUrl":"https:\/\/bodmob.ro\/wp-content\/uploads\/2023\/11\/Picior-x-metal.jpg","width":2560,"height":1440},{"@type":"BreadcrumbList","@id":"https:\/\/bodmob.ro\/ro\/produs\/a-legs-copy\/#breadcrumb","itemListElement":[{"@type":"ListItem","position":1,"name":"Home","item":"https:\/\/bodmob.ro\/ro\/"},{"@type":"ListItem","position":2,"name":"Shop","item":"https:\/\/bodmob.ro\/ro\/shop-2\/"},{"@type":"ListItem","position":3,"name":"METAL X LEGS"}]},{"@type":"WebSite","@id":"https:\/\/bodmob.ro\/ro\/#website","url":"https:\/\/bodmob.ro\/ro\/","name":"Bodmob","description":"Furniture - Hard &amp; soft wood","potentialAction":[{"@type":"SearchAction","target":{"@type":"EntryPoint","urlTemplate":"https:\/\/bodmob.ro\/ro\/?s={search_term_string}"},"query-input":{"@type":"PropertyValueSpecification","valueRequired":true,"valueName":"search_term_string"}}],"inLanguage":"ro-RO"}]}},"_links":{"self":[{"href":"https:\/\/bodmob.ro\/ro\/wp-json\/wp\/v2\/product\/23488"}],"collection":[{"href":"https:\/\/bodmob.ro\/ro\/wp-json\/wp\/v2\/product"}],"about":[{"href":"https:\/\/bodmob.ro\/ro\/wp-json\/wp\/v2\/types\/product"}],"wp:featuredmedia":[{"embeddable":true,"href":"https:\/\/bodmob.ro\/ro\/wp-json\/wp\/v2\/media\/23473"}],"wp:attachment":[{"href":"https:\/\/bodmob.ro\/ro\/wp-json\/wp\/v2\/media?parent=23488"}],"wp:term":[{"taxonomy":"product_cat","embeddable":true,"href":"https:\/\/bodmob.ro\/ro\/wp-json\/wp\/v2\/product_cat?post=23488"},{"taxonomy":"product_tag","embeddable":true,"href":"https:\/\/bodmob.ro\/ro\/wp-json\/wp\/v2\/product_tag?post=23488"}],"curies":[{"name":"wp","href":"https:\/\/api.w.org\/{rel}","templated":true}]}}