{"id":22641,"date":"2023-09-07T07:24:14","date_gmt":"2023-09-07T07:24:14","guid":{"rendered":"https:\/\/bodmob.ro\/?post_type=product&#038;p=22641"},"modified":"2023-12-20T13:37:30","modified_gmt":"2023-12-20T13:37:30","slug":"line","status":"publish","type":"product","link":"https:\/\/bodmob.ro\/ro\/produs\/line\/","title":{"rendered":"LINE"},"content":{"rendered":"<p>B\u0103ncile <strong>Horeca <\/strong>sunt produse in diferite dimensiuni<\/p>\n<p>Dimensiuni standard<\/p>\n<p>L100xW80XH120 cm; L100xW70XH105 cm<\/p>\n<p>L120xW80XH120 cm;L120xW70XH105 cm<\/p>\n<p>L140xW80XH120 cm;L140xW70XH105 cm<\/p>\n<p>L160xW80XH120 cm;L160xW70XH105 cm<\/p>\n<p>L180xW80xH120 cm;L180xW70xH105 cm<\/p>\n<p>Elemente de col\u021b\u00a0 80x80xH120 cm<\/p>\n<p>Elemente de col\u021b 70x70xH105 cm<\/p>\n<p>Rama b\u0103ncilor este fabricat\u0103 din lemn masiv, finisat wenge sau picioare naturale, confortul scaunului este asigurat de poliuretan de \u00eenalt\u0103 densitate care ofer\u0103 rezisten\u021b\u0103 in timp chiar si in hoteluri si restaurante.<\/p>\n","protected":false},"excerpt":{"rendered":"<p>B\u0103ncile Horeca sunt produse in diferite dimensiuni Dimensiuni standard L100xW80XH120 cm; L100xW70XH105 cm L120xW80XH120 cm;L120xW70XH105 cm L140xW80XH120 cm;L140xW70XH105 cm L160xW80XH120 cm;L160xW70XH105 cm L180xW80xH120 cm;L180xW70xH105 cm Elemente de col\u021b\u00a0 80x80xH120 cm Elemente de col\u021b 70x70xH105 cm Rama b\u0103ncilor este fabricat\u0103 din lemn masiv, finisat wenge sau&#8230;<\/p>\n","protected":false},"featured_media":24533,"template":"","meta":[],"product_cat":[174,169],"product_tag":[],"class_list":{"0":"post-22641","1":"product","2":"type-product","3":"status-publish","4":"has-post-thumbnail","6":"product_cat-banca-horeca","7":"product_cat-horeca-ro","9":"first","10":"instock","11":"shipping-taxable","12":"product-type-simple"},"yoast_head":"<!-- This site is optimized with the Yoast SEO plugin v25.4 - https:\/\/yoast.com\/wordpress\/plugins\/seo\/ -->\n<title>LINE - Bodmob<\/title>\n<meta name=\"robots\" content=\"index, follow, max-snippet:-1, max-image-preview:large, max-video-preview:-1\" \/>\n<link rel=\"canonical\" href=\"https:\/\/bodmob.ro\/ro\/produs\/line\/\" \/>\n<meta property=\"og:locale\" content=\"ro_RO\" \/>\n<meta property=\"og:type\" content=\"article\" \/>\n<meta property=\"og:title\" content=\"LINE - Bodmob\" \/>\n<meta property=\"og:description\" content=\"B\u0103ncile Horeca sunt produse in diferite dimensiuni Dimensiuni standard L100xW80XH120 cm; L100xW70XH105 cm L120xW80XH120 cm;L120xW70XH105 cm L140xW80XH120 cm;L140xW70XH105 cm L160xW80XH120 cm;L160xW70XH105 cm L180xW80xH120 cm;L180xW70xH105 cm Elemente de col\u021b\u00a0 80x80xH120 cm Elemente de col\u021b 70x70xH105 cm Rama b\u0103ncilor este fabricat\u0103 din lemn masiv, finisat wenge sau...\" \/>\n<meta property=\"og:url\" content=\"https:\/\/bodmob.ro\/ro\/produs\/line\/\" \/>\n<meta property=\"og:site_name\" content=\"Bodmob\" \/>\n<meta property=\"article:modified_time\" content=\"2023-12-20T13:37:30+00:00\" \/>\n<meta property=\"og:image\" content=\"https:\/\/bodmob.ro\/wp-content\/uploads\/2023\/09\/Horeca-line-2.jpg\" \/>\n\t<meta property=\"og:image:width\" content=\"994\" \/>\n\t<meta property=\"og:image:height\" content=\"1137\" \/>\n\t<meta property=\"og:image:type\" content=\"image\/jpeg\" \/>\n<meta name=\"twitter:card\" content=\"summary_large_image\" \/>\n<script type=\"application\/ld+json\" class=\"yoast-schema-graph\">{\"@context\":\"https:\/\/schema.org\",\"@graph\":[{\"@type\":\"WebPage\",\"@id\":\"https:\/\/bodmob.ro\/ro\/produs\/line\/\",\"url\":\"https:\/\/bodmob.ro\/ro\/produs\/line\/\",\"name\":\"LINE - Bodmob\",\"isPartOf\":{\"@id\":\"https:\/\/bodmob.ro\/ro\/#website\"},\"primaryImageOfPage\":{\"@id\":\"https:\/\/bodmob.ro\/ro\/produs\/line\/#primaryimage\"},\"image\":{\"@id\":\"https:\/\/bodmob.ro\/ro\/produs\/line\/#primaryimage\"},\"thumbnailUrl\":\"https:\/\/bodmob.ro\/wp-content\/uploads\/2023\/09\/Horeca-line-2.jpg\",\"datePublished\":\"2023-09-07T07:24:14+00:00\",\"dateModified\":\"2023-12-20T13:37:30+00:00\",\"breadcrumb\":{\"@id\":\"https:\/\/bodmob.ro\/ro\/produs\/line\/#breadcrumb\"},\"inLanguage\":\"ro-RO\",\"potentialAction\":[{\"@type\":\"ReadAction\",\"target\":[\"https:\/\/bodmob.ro\/ro\/produs\/line\/\"]}]},{\"@type\":\"ImageObject\",\"inLanguage\":\"ro-RO\",\"@id\":\"https:\/\/bodmob.ro\/ro\/produs\/line\/#primaryimage\",\"url\":\"https:\/\/bodmob.ro\/wp-content\/uploads\/2023\/09\/Horeca-line-2.jpg\",\"contentUrl\":\"https:\/\/bodmob.ro\/wp-content\/uploads\/2023\/09\/Horeca-line-2.jpg\",\"width\":994,\"height\":1137},{\"@type\":\"BreadcrumbList\",\"@id\":\"https:\/\/bodmob.ro\/ro\/produs\/line\/#breadcrumb\",\"itemListElement\":[{\"@type\":\"ListItem\",\"position\":1,\"name\":\"Home\",\"item\":\"https:\/\/bodmob.ro\/ro\/\"},{\"@type\":\"ListItem\",\"position\":2,\"name\":\"Shop\",\"item\":\"https:\/\/bodmob.ro\/ro\/shop-2\/\"},{\"@type\":\"ListItem\",\"position\":3,\"name\":\"LINE\"}]},{\"@type\":\"WebSite\",\"@id\":\"https:\/\/bodmob.ro\/ro\/#website\",\"url\":\"https:\/\/bodmob.ro\/ro\/\",\"name\":\"Bodmob\",\"description\":\"Furniture - Hard &amp; soft wood\",\"potentialAction\":[{\"@type\":\"SearchAction\",\"target\":{\"@type\":\"EntryPoint\",\"urlTemplate\":\"https:\/\/bodmob.ro\/ro\/?s={search_term_string}\"},\"query-input\":{\"@type\":\"PropertyValueSpecification\",\"valueRequired\":true,\"valueName\":\"search_term_string\"}}],\"inLanguage\":\"ro-RO\"}]}<\/script>\n<!-- \/ Yoast SEO plugin. -->","yoast_head_json":{"title":"LINE - Bodmob","robots":{"index":"index","follow":"follow","max-snippet":"max-snippet:-1","max-image-preview":"max-image-preview:large","max-video-preview":"max-video-preview:-1"},"canonical":"https:\/\/bodmob.ro\/ro\/produs\/line\/","og_locale":"ro_RO","og_type":"article","og_title":"LINE - Bodmob","og_description":"B\u0103ncile Horeca sunt produse in diferite dimensiuni Dimensiuni standard L100xW80XH120 cm; L100xW70XH105 cm L120xW80XH120 cm;L120xW70XH105 cm L140xW80XH120 cm;L140xW70XH105 cm L160xW80XH120 cm;L160xW70XH105 cm L180xW80xH120 cm;L180xW70xH105 cm Elemente de col\u021b\u00a0 80x80xH120 cm Elemente de col\u021b 70x70xH105 cm Rama b\u0103ncilor este fabricat\u0103 din lemn masiv, finisat wenge sau...","og_url":"https:\/\/bodmob.ro\/ro\/produs\/line\/","og_site_name":"Bodmob","article_modified_time":"2023-12-20T13:37:30+00:00","og_image":[{"width":994,"height":1137,"url":"https:\/\/bodmob.ro\/wp-content\/uploads\/2023\/09\/Horeca-line-2.jpg","type":"image\/jpeg"}],"twitter_card":"summary_large_image","schema":{"@context":"https:\/\/schema.org","@graph":[{"@type":"WebPage","@id":"https:\/\/bodmob.ro\/ro\/produs\/line\/","url":"https:\/\/bodmob.ro\/ro\/produs\/line\/","name":"LINE - Bodmob","isPartOf":{"@id":"https:\/\/bodmob.ro\/ro\/#website"},"primaryImageOfPage":{"@id":"https:\/\/bodmob.ro\/ro\/produs\/line\/#primaryimage"},"image":{"@id":"https:\/\/bodmob.ro\/ro\/produs\/line\/#primaryimage"},"thumbnailUrl":"https:\/\/bodmob.ro\/wp-content\/uploads\/2023\/09\/Horeca-line-2.jpg","datePublished":"2023-09-07T07:24:14+00:00","dateModified":"2023-12-20T13:37:30+00:00","breadcrumb":{"@id":"https:\/\/bodmob.ro\/ro\/produs\/line\/#breadcrumb"},"inLanguage":"ro-RO","potentialAction":[{"@type":"ReadAction","target":["https:\/\/bodmob.ro\/ro\/produs\/line\/"]}]},{"@type":"ImageObject","inLanguage":"ro-RO","@id":"https:\/\/bodmob.ro\/ro\/produs\/line\/#primaryimage","url":"https:\/\/bodmob.ro\/wp-content\/uploads\/2023\/09\/Horeca-line-2.jpg","contentUrl":"https:\/\/bodmob.ro\/wp-content\/uploads\/2023\/09\/Horeca-line-2.jpg","width":994,"height":1137},{"@type":"BreadcrumbList","@id":"https:\/\/bodmob.ro\/ro\/produs\/line\/#breadcrumb","itemListElement":[{"@type":"ListItem","position":1,"name":"Home","item":"https:\/\/bodmob.ro\/ro\/"},{"@type":"ListItem","position":2,"name":"Shop","item":"https:\/\/bodmob.ro\/ro\/shop-2\/"},{"@type":"ListItem","position":3,"name":"LINE"}]},{"@type":"WebSite","@id":"https:\/\/bodmob.ro\/ro\/#website","url":"https:\/\/bodmob.ro\/ro\/","name":"Bodmob","description":"Furniture - Hard &amp; soft wood","potentialAction":[{"@type":"SearchAction","target":{"@type":"EntryPoint","urlTemplate":"https:\/\/bodmob.ro\/ro\/?s={search_term_string}"},"query-input":{"@type":"PropertyValueSpecification","valueRequired":true,"valueName":"search_term_string"}}],"inLanguage":"ro-RO"}]}},"_links":{"self":[{"href":"https:\/\/bodmob.ro\/ro\/wp-json\/wp\/v2\/product\/22641"}],"collection":[{"href":"https:\/\/bodmob.ro\/ro\/wp-json\/wp\/v2\/product"}],"about":[{"href":"https:\/\/bodmob.ro\/ro\/wp-json\/wp\/v2\/types\/product"}],"wp:featuredmedia":[{"embeddable":true,"href":"https:\/\/bodmob.ro\/ro\/wp-json\/wp\/v2\/media\/24533"}],"wp:attachment":[{"href":"https:\/\/bodmob.ro\/ro\/wp-json\/wp\/v2\/media?parent=22641"}],"wp:term":[{"taxonomy":"product_cat","embeddable":true,"href":"https:\/\/bodmob.ro\/ro\/wp-json\/wp\/v2\/product_cat?post=22641"},{"taxonomy":"product_tag","embeddable":true,"href":"https:\/\/bodmob.ro\/ro\/wp-json\/wp\/v2\/product_tag?post=22641"}],"curies":[{"name":"wp","href":"https:\/\/api.w.org\/{rel}","templated":true}]}}