{"id":22200,"date":"2020-02-07T09:06:06","date_gmt":"2020-02-07T09:06:06","guid":{"rendered":"https:\/\/bodmob.ro\/product\/kim\/"},"modified":"2024-11-29T07:43:37","modified_gmt":"2024-11-29T07:43:37","slug":"kim","status":"publish","type":"product","link":"https:\/\/bodmob.ro\/ro\/produs\/kim\/","title":{"rendered":"KIM"},"content":{"rendered":"<p>Scaunul <strong>Kim <\/strong>atrage prin prelucrarea sa simpl\u0103 \u00een stil scandinav. Partea de sezut, \u00een form\u0103 de fotoliu, este acoperit\u0103 cu arcuri sinusoidale foarte confortabile si rezistente \u0219i tapi\u021berie pl\u0103cut\u0103 la atingere.<\/p>\n<p>Liniile curate sunt subliniate de cus\u0103turi decente. Picioarele scaunului sunt din lemn masiv, sunt puternice si stabile intr-un design natural.<\/p>\n","protected":false},"excerpt":{"rendered":"<p>Scaunul Kim atrage prin prelucrarea sa simpl\u0103 \u00een stil scandinav. Partea de sezut, \u00een form\u0103 de fotoliu, este acoperit\u0103 cu arcuri sinusoidale foarte confortabile si rezistente \u0219i tapi\u021berie pl\u0103cut\u0103 la atingere. Liniile curate sunt subliniate de cus\u0103turi decente. Picioarele scaunului sunt din lemn masiv, sunt&#8230;<\/p>\n","protected":false},"featured_media":24706,"template":"","meta":[],"product_cat":[143,146],"product_tag":[],"class_list":{"0":"post-22200","1":"product","2":"type-product","3":"status-publish","4":"has-post-thumbnail","6":"product_cat-scaun","7":"product_cat-scaun-cu-spatar-inalt","9":"first","10":"instock","11":"shipping-taxable","12":"product-type-simple"},"yoast_head":"<!-- This site is optimized with the Yoast SEO plugin v25.4 - https:\/\/yoast.com\/wordpress\/plugins\/seo\/ -->\n<title>KIM - Bodmob<\/title>\n<meta name=\"robots\" content=\"index, follow, max-snippet:-1, max-image-preview:large, max-video-preview:-1\" \/>\n<link rel=\"canonical\" href=\"https:\/\/bodmob.ro\/ro\/produs\/kim\/\" \/>\n<meta property=\"og:locale\" content=\"ro_RO\" \/>\n<meta property=\"og:type\" content=\"article\" \/>\n<meta property=\"og:title\" content=\"KIM - Bodmob\" \/>\n<meta property=\"og:description\" content=\"Scaunul Kim atrage prin prelucrarea sa simpl\u0103 \u00een stil scandinav. Partea de sezut, \u00een form\u0103 de fotoliu, este acoperit\u0103 cu arcuri sinusoidale foarte confortabile si rezistente \u0219i tapi\u021berie pl\u0103cut\u0103 la atingere. Liniile curate sunt subliniate de cus\u0103turi decente. Picioarele scaunului sunt din lemn masiv, sunt...\" \/>\n<meta property=\"og:url\" content=\"https:\/\/bodmob.ro\/ro\/produs\/kim\/\" \/>\n<meta property=\"og:site_name\" content=\"Bodmob\" \/>\n<meta property=\"article:modified_time\" content=\"2024-11-29T07:43:37+00:00\" \/>\n<meta property=\"og:image\" content=\"https:\/\/bodmob.ro\/wp-content\/uploads\/2020\/02\/Kim-armchair.jpg\" \/>\n\t<meta property=\"og:image:width\" content=\"1052\" \/>\n\t<meta property=\"og:image:height\" content=\"1388\" \/>\n\t<meta property=\"og:image:type\" content=\"image\/jpeg\" \/>\n<meta name=\"twitter:card\" content=\"summary_large_image\" \/>\n<script type=\"application\/ld+json\" class=\"yoast-schema-graph\">{\"@context\":\"https:\/\/schema.org\",\"@graph\":[{\"@type\":\"WebPage\",\"@id\":\"https:\/\/bodmob.ro\/ro\/produs\/kim\/\",\"url\":\"https:\/\/bodmob.ro\/ro\/produs\/kim\/\",\"name\":\"KIM - Bodmob\",\"isPartOf\":{\"@id\":\"https:\/\/bodmob.ro\/ro\/#website\"},\"primaryImageOfPage\":{\"@id\":\"https:\/\/bodmob.ro\/ro\/produs\/kim\/#primaryimage\"},\"image\":{\"@id\":\"https:\/\/bodmob.ro\/ro\/produs\/kim\/#primaryimage\"},\"thumbnailUrl\":\"https:\/\/bodmob.ro\/wp-content\/uploads\/2020\/02\/Kim-armchair-with-buttons.png\",\"datePublished\":\"2020-02-07T09:06:06+00:00\",\"dateModified\":\"2024-11-29T07:43:37+00:00\",\"breadcrumb\":{\"@id\":\"https:\/\/bodmob.ro\/ro\/produs\/kim\/#breadcrumb\"},\"inLanguage\":\"ro-RO\",\"potentialAction\":[{\"@type\":\"ReadAction\",\"target\":[\"https:\/\/bodmob.ro\/ro\/produs\/kim\/\"]}]},{\"@type\":\"ImageObject\",\"inLanguage\":\"ro-RO\",\"@id\":\"https:\/\/bodmob.ro\/ro\/produs\/kim\/#primaryimage\",\"url\":\"https:\/\/bodmob.ro\/wp-content\/uploads\/2020\/02\/Kim-armchair-with-buttons.png\",\"contentUrl\":\"https:\/\/bodmob.ro\/wp-content\/uploads\/2020\/02\/Kim-armchair-with-buttons.png\",\"width\":1356,\"height\":1834},{\"@type\":\"BreadcrumbList\",\"@id\":\"https:\/\/bodmob.ro\/ro\/produs\/kim\/#breadcrumb\",\"itemListElement\":[{\"@type\":\"ListItem\",\"position\":1,\"name\":\"Home\",\"item\":\"https:\/\/bodmob.ro\/ro\/\"},{\"@type\":\"ListItem\",\"position\":2,\"name\":\"Shop\",\"item\":\"https:\/\/bodmob.ro\/ro\/shop-2\/\"},{\"@type\":\"ListItem\",\"position\":3,\"name\":\"KIM\"}]},{\"@type\":\"WebSite\",\"@id\":\"https:\/\/bodmob.ro\/ro\/#website\",\"url\":\"https:\/\/bodmob.ro\/ro\/\",\"name\":\"Bodmob\",\"description\":\"Furniture - Hard &amp; soft wood\",\"potentialAction\":[{\"@type\":\"SearchAction\",\"target\":{\"@type\":\"EntryPoint\",\"urlTemplate\":\"https:\/\/bodmob.ro\/ro\/?s={search_term_string}\"},\"query-input\":{\"@type\":\"PropertyValueSpecification\",\"valueRequired\":true,\"valueName\":\"search_term_string\"}}],\"inLanguage\":\"ro-RO\"}]}<\/script>\n<!-- \/ Yoast SEO plugin. -->","yoast_head_json":{"title":"KIM - Bodmob","robots":{"index":"index","follow":"follow","max-snippet":"max-snippet:-1","max-image-preview":"max-image-preview:large","max-video-preview":"max-video-preview:-1"},"canonical":"https:\/\/bodmob.ro\/ro\/produs\/kim\/","og_locale":"ro_RO","og_type":"article","og_title":"KIM - Bodmob","og_description":"Scaunul Kim atrage prin prelucrarea sa simpl\u0103 \u00een stil scandinav. Partea de sezut, \u00een form\u0103 de fotoliu, este acoperit\u0103 cu arcuri sinusoidale foarte confortabile si rezistente \u0219i tapi\u021berie pl\u0103cut\u0103 la atingere. Liniile curate sunt subliniate de cus\u0103turi decente. Picioarele scaunului sunt din lemn masiv, sunt...","og_url":"https:\/\/bodmob.ro\/ro\/produs\/kim\/","og_site_name":"Bodmob","article_modified_time":"2024-11-29T07:43:37+00:00","og_image":[{"width":1052,"height":1388,"url":"https:\/\/bodmob.ro\/wp-content\/uploads\/2020\/02\/Kim-armchair.jpg","type":"image\/jpeg"}],"twitter_card":"summary_large_image","schema":{"@context":"https:\/\/schema.org","@graph":[{"@type":"WebPage","@id":"https:\/\/bodmob.ro\/ro\/produs\/kim\/","url":"https:\/\/bodmob.ro\/ro\/produs\/kim\/","name":"KIM - Bodmob","isPartOf":{"@id":"https:\/\/bodmob.ro\/ro\/#website"},"primaryImageOfPage":{"@id":"https:\/\/bodmob.ro\/ro\/produs\/kim\/#primaryimage"},"image":{"@id":"https:\/\/bodmob.ro\/ro\/produs\/kim\/#primaryimage"},"thumbnailUrl":"https:\/\/bodmob.ro\/wp-content\/uploads\/2020\/02\/Kim-armchair-with-buttons.png","datePublished":"2020-02-07T09:06:06+00:00","dateModified":"2024-11-29T07:43:37+00:00","breadcrumb":{"@id":"https:\/\/bodmob.ro\/ro\/produs\/kim\/#breadcrumb"},"inLanguage":"ro-RO","potentialAction":[{"@type":"ReadAction","target":["https:\/\/bodmob.ro\/ro\/produs\/kim\/"]}]},{"@type":"ImageObject","inLanguage":"ro-RO","@id":"https:\/\/bodmob.ro\/ro\/produs\/kim\/#primaryimage","url":"https:\/\/bodmob.ro\/wp-content\/uploads\/2020\/02\/Kim-armchair-with-buttons.png","contentUrl":"https:\/\/bodmob.ro\/wp-content\/uploads\/2020\/02\/Kim-armchair-with-buttons.png","width":1356,"height":1834},{"@type":"BreadcrumbList","@id":"https:\/\/bodmob.ro\/ro\/produs\/kim\/#breadcrumb","itemListElement":[{"@type":"ListItem","position":1,"name":"Home","item":"https:\/\/bodmob.ro\/ro\/"},{"@type":"ListItem","position":2,"name":"Shop","item":"https:\/\/bodmob.ro\/ro\/shop-2\/"},{"@type":"ListItem","position":3,"name":"KIM"}]},{"@type":"WebSite","@id":"https:\/\/bodmob.ro\/ro\/#website","url":"https:\/\/bodmob.ro\/ro\/","name":"Bodmob","description":"Furniture - Hard &amp; soft wood","potentialAction":[{"@type":"SearchAction","target":{"@type":"EntryPoint","urlTemplate":"https:\/\/bodmob.ro\/ro\/?s={search_term_string}"},"query-input":{"@type":"PropertyValueSpecification","valueRequired":true,"valueName":"search_term_string"}}],"inLanguage":"ro-RO"}]}},"_links":{"self":[{"href":"https:\/\/bodmob.ro\/ro\/wp-json\/wp\/v2\/product\/22200"}],"collection":[{"href":"https:\/\/bodmob.ro\/ro\/wp-json\/wp\/v2\/product"}],"about":[{"href":"https:\/\/bodmob.ro\/ro\/wp-json\/wp\/v2\/types\/product"}],"wp:featuredmedia":[{"embeddable":true,"href":"https:\/\/bodmob.ro\/ro\/wp-json\/wp\/v2\/media\/24706"}],"wp:attachment":[{"href":"https:\/\/bodmob.ro\/ro\/wp-json\/wp\/v2\/media?parent=22200"}],"wp:term":[{"taxonomy":"product_cat","embeddable":true,"href":"https:\/\/bodmob.ro\/ro\/wp-json\/wp\/v2\/product_cat?post=22200"},{"taxonomy":"product_tag","embeddable":true,"href":"https:\/\/bodmob.ro\/ro\/wp-json\/wp\/v2\/product_tag?post=22200"}],"curies":[{"name":"wp","href":"https:\/\/api.w.org\/{rel}","templated":true}]}}