{"id":22189,"date":"2020-02-07T09:06:07","date_gmt":"2020-02-07T09:06:07","guid":{"rendered":"https:\/\/bodmob.ro\/product\/novabar\/"},"modified":"2023-10-17T08:18:49","modified_gmt":"2023-10-17T08:18:49","slug":"novabar","status":"publish","type":"product","link":"https:\/\/bodmob.ro\/ro\/produs\/novabar\/","title":{"rendered":"NOVABAR"},"content":{"rendered":"<p>Scaune pentru bar cu \u00eenla\u021bimea \u0219ezutului la 75 cm sau pentru insula de buc\u0103t\u0103rie cu \u00eenal\u021bimea \u0219ezutului la 67 cm .<\/p>\n<p>Construc\u021bia din lemn masiv fag asigur\u0103 stabilitatea \u0219i rezisten\u021ba necesar\u0103.<\/p>\n<p>Scoica sp\u0103tarului este realizat\u0103 din lemn stratificat esent\u0103 fag care \u00eei ofer\u0103 o rezisten\u021b\u0103 crescut\u0103\u00a0 un nivel excep\u021bional de confort si o ergonomie mai bun\u0103 a sp\u0103tarului.<\/p>\n<p>Scaunele care pot fi folosite atat pentru livinguri,buc\u0103t\u0103rii spa\u021bioase c\u0103t \u0219i pentru loca\u021bii HORECA (hoteluri, restaurante, cluburi sau cafenele)<\/p>\n<p>Tapi\u021beria scaunului poate fi\u00a0 realizat\u0103 din textil sau piele ecologic\u0103 care poate avea orice culoare sau model din cele expuse la categoria &#8222;Standard fabrics&#8221; sau putem lucra \u0219i din materialul clientului.<\/p>\n<p>Bara pt. picioare poate fi confec\u021bionat\u0103 din inox sau fier vopsit pentru o rezisten\u021b\u0103 mai mare la uzura.<\/p>\n<p>\u0218ezutul scaunului poate fi ales : Sistem de arcuri sinusoidale<\/p>\n<p>Chinga elastic\u0103<\/p>\n<p>\u0218ezut pal<\/p>\n<p>Calitatea superioar\u0103 a poliuretanului de densitate mare folosit la produse confer\u0103 confortului lor pe termen lung.<\/p>\n","protected":false},"excerpt":{"rendered":"<p>Scaune pentru bar cu \u00eenla\u021bimea \u0219ezutului la 75 cm sau pentru insula de buc\u0103t\u0103rie cu \u00eenal\u021bimea \u0219ezutului la 67 cm . Construc\u021bia din lemn masiv fag asigur\u0103 stabilitatea \u0219i rezisten\u021ba necesar\u0103. Scoica sp\u0103tarului este realizat\u0103 din lemn stratificat esent\u0103 fag care \u00eei ofer\u0103 o rezisten\u021b\u0103&#8230;<\/p>\n","protected":false},"featured_media":22019,"template":"","meta":[],"product_cat":[142,143,145],"product_tag":[],"class_list":{"0":"post-22189","1":"product","2":"type-product","3":"status-publish","4":"has-post-thumbnail","6":"product_cat-cele-mai-vandute","7":"product_cat-scaun","8":"product_cat-scaun-de-bar","10":"first","11":"instock","12":"shipping-taxable","13":"product-type-simple"},"yoast_head":"<!-- This site is optimized with the Yoast SEO plugin v25.4 - https:\/\/yoast.com\/wordpress\/plugins\/seo\/ -->\n<title>NOVABAR - Bodmob<\/title>\n<meta name=\"robots\" content=\"index, follow, max-snippet:-1, max-image-preview:large, max-video-preview:-1\" \/>\n<link rel=\"canonical\" href=\"https:\/\/bodmob.ro\/produs\/novabar\/\" \/>\n<meta property=\"og:locale\" content=\"ro_RO\" \/>\n<meta property=\"og:type\" content=\"article\" \/>\n<meta property=\"og:title\" content=\"NOVABAR - Bodmob\" \/>\n<meta property=\"og:description\" content=\"Scaune pentru bar cu \u00eenla\u021bimea \u0219ezutului la 75 cm sau pentru insula de buc\u0103t\u0103rie cu \u00eenal\u021bimea \u0219ezutului la 67 cm . Construc\u021bia din lemn masiv fag asigur\u0103 stabilitatea \u0219i rezisten\u021ba necesar\u0103. Scoica sp\u0103tarului este realizat\u0103 din lemn stratificat esent\u0103 fag care \u00eei ofer\u0103 o rezisten\u021b\u0103...\" \/>\n<meta property=\"og:url\" content=\"https:\/\/bodmob.ro\/produs\/novabar\/\" \/>\n<meta property=\"og:site_name\" content=\"Bodmob\" \/>\n<meta property=\"article:modified_time\" content=\"2023-10-17T08:18:49+00:00\" \/>\n<meta property=\"og:image\" content=\"https:\/\/bodmob.ro\/wp-content\/uploads\/2020\/02\/nova-bar.jpg\" \/>\n\t<meta property=\"og:image:width\" content=\"600\" \/>\n\t<meta property=\"og:image:height\" content=\"600\" \/>\n\t<meta property=\"og:image:type\" content=\"image\/jpeg\" \/>\n<meta name=\"twitter:card\" content=\"summary_large_image\" \/>\n<meta name=\"twitter:label1\" content=\"Timp estimat pentru citire\" \/>\n\t<meta name=\"twitter:data1\" content=\"1 minut\" \/>\n<script type=\"application\/ld+json\" class=\"yoast-schema-graph\">{\"@context\":\"https:\/\/schema.org\",\"@graph\":[{\"@type\":\"WebPage\",\"@id\":\"https:\/\/bodmob.ro\/produs\/novabar\/\",\"url\":\"https:\/\/bodmob.ro\/produs\/novabar\/\",\"name\":\"NOVABAR - Bodmob\",\"isPartOf\":{\"@id\":\"https:\/\/bodmob.ro\/ro\/#website\"},\"primaryImageOfPage\":{\"@id\":\"https:\/\/bodmob.ro\/produs\/novabar\/#primaryimage\"},\"image\":{\"@id\":\"https:\/\/bodmob.ro\/produs\/novabar\/#primaryimage\"},\"thumbnailUrl\":\"https:\/\/bodmob.ro\/wp-content\/uploads\/2020\/02\/nova-bar.jpg\",\"datePublished\":\"2020-02-07T09:06:07+00:00\",\"dateModified\":\"2023-10-17T08:18:49+00:00\",\"breadcrumb\":{\"@id\":\"https:\/\/bodmob.ro\/produs\/novabar\/#breadcrumb\"},\"inLanguage\":\"ro-RO\",\"potentialAction\":[{\"@type\":\"ReadAction\",\"target\":[\"https:\/\/bodmob.ro\/produs\/novabar\/\"]}]},{\"@type\":\"ImageObject\",\"inLanguage\":\"ro-RO\",\"@id\":\"https:\/\/bodmob.ro\/produs\/novabar\/#primaryimage\",\"url\":\"https:\/\/bodmob.ro\/wp-content\/uploads\/2020\/02\/nova-bar.jpg\",\"contentUrl\":\"https:\/\/bodmob.ro\/wp-content\/uploads\/2020\/02\/nova-bar.jpg\",\"width\":600,\"height\":600},{\"@type\":\"BreadcrumbList\",\"@id\":\"https:\/\/bodmob.ro\/produs\/novabar\/#breadcrumb\",\"itemListElement\":[{\"@type\":\"ListItem\",\"position\":1,\"name\":\"Home\",\"item\":\"https:\/\/bodmob.ro\/ro\/\"},{\"@type\":\"ListItem\",\"position\":2,\"name\":\"Shop\",\"item\":\"https:\/\/bodmob.ro\/ro\/shop-2\/\"},{\"@type\":\"ListItem\",\"position\":3,\"name\":\"NOVABAR\"}]},{\"@type\":\"WebSite\",\"@id\":\"https:\/\/bodmob.ro\/ro\/#website\",\"url\":\"https:\/\/bodmob.ro\/ro\/\",\"name\":\"Bodmob\",\"description\":\"Furniture - Hard &amp; soft wood\",\"potentialAction\":[{\"@type\":\"SearchAction\",\"target\":{\"@type\":\"EntryPoint\",\"urlTemplate\":\"https:\/\/bodmob.ro\/ro\/?s={search_term_string}\"},\"query-input\":{\"@type\":\"PropertyValueSpecification\",\"valueRequired\":true,\"valueName\":\"search_term_string\"}}],\"inLanguage\":\"ro-RO\"}]}<\/script>\n<!-- \/ Yoast SEO plugin. -->","yoast_head_json":{"title":"NOVABAR - Bodmob","robots":{"index":"index","follow":"follow","max-snippet":"max-snippet:-1","max-image-preview":"max-image-preview:large","max-video-preview":"max-video-preview:-1"},"canonical":"https:\/\/bodmob.ro\/produs\/novabar\/","og_locale":"ro_RO","og_type":"article","og_title":"NOVABAR - Bodmob","og_description":"Scaune pentru bar cu \u00eenla\u021bimea \u0219ezutului la 75 cm sau pentru insula de buc\u0103t\u0103rie cu \u00eenal\u021bimea \u0219ezutului la 67 cm . Construc\u021bia din lemn masiv fag asigur\u0103 stabilitatea \u0219i rezisten\u021ba necesar\u0103. Scoica sp\u0103tarului este realizat\u0103 din lemn stratificat esent\u0103 fag care \u00eei ofer\u0103 o rezisten\u021b\u0103...","og_url":"https:\/\/bodmob.ro\/produs\/novabar\/","og_site_name":"Bodmob","article_modified_time":"2023-10-17T08:18:49+00:00","og_image":[{"width":600,"height":600,"url":"https:\/\/bodmob.ro\/wp-content\/uploads\/2020\/02\/nova-bar.jpg","type":"image\/jpeg"}],"twitter_card":"summary_large_image","twitter_misc":{"Timp estimat pentru citire":"1 minut"},"schema":{"@context":"https:\/\/schema.org","@graph":[{"@type":"WebPage","@id":"https:\/\/bodmob.ro\/produs\/novabar\/","url":"https:\/\/bodmob.ro\/produs\/novabar\/","name":"NOVABAR - Bodmob","isPartOf":{"@id":"https:\/\/bodmob.ro\/ro\/#website"},"primaryImageOfPage":{"@id":"https:\/\/bodmob.ro\/produs\/novabar\/#primaryimage"},"image":{"@id":"https:\/\/bodmob.ro\/produs\/novabar\/#primaryimage"},"thumbnailUrl":"https:\/\/bodmob.ro\/wp-content\/uploads\/2020\/02\/nova-bar.jpg","datePublished":"2020-02-07T09:06:07+00:00","dateModified":"2023-10-17T08:18:49+00:00","breadcrumb":{"@id":"https:\/\/bodmob.ro\/produs\/novabar\/#breadcrumb"},"inLanguage":"ro-RO","potentialAction":[{"@type":"ReadAction","target":["https:\/\/bodmob.ro\/produs\/novabar\/"]}]},{"@type":"ImageObject","inLanguage":"ro-RO","@id":"https:\/\/bodmob.ro\/produs\/novabar\/#primaryimage","url":"https:\/\/bodmob.ro\/wp-content\/uploads\/2020\/02\/nova-bar.jpg","contentUrl":"https:\/\/bodmob.ro\/wp-content\/uploads\/2020\/02\/nova-bar.jpg","width":600,"height":600},{"@type":"BreadcrumbList","@id":"https:\/\/bodmob.ro\/produs\/novabar\/#breadcrumb","itemListElement":[{"@type":"ListItem","position":1,"name":"Home","item":"https:\/\/bodmob.ro\/ro\/"},{"@type":"ListItem","position":2,"name":"Shop","item":"https:\/\/bodmob.ro\/ro\/shop-2\/"},{"@type":"ListItem","position":3,"name":"NOVABAR"}]},{"@type":"WebSite","@id":"https:\/\/bodmob.ro\/ro\/#website","url":"https:\/\/bodmob.ro\/ro\/","name":"Bodmob","description":"Furniture - Hard &amp; soft wood","potentialAction":[{"@type":"SearchAction","target":{"@type":"EntryPoint","urlTemplate":"https:\/\/bodmob.ro\/ro\/?s={search_term_string}"},"query-input":{"@type":"PropertyValueSpecification","valueRequired":true,"valueName":"search_term_string"}}],"inLanguage":"ro-RO"}]}},"_links":{"self":[{"href":"https:\/\/bodmob.ro\/ro\/wp-json\/wp\/v2\/product\/22189"}],"collection":[{"href":"https:\/\/bodmob.ro\/ro\/wp-json\/wp\/v2\/product"}],"about":[{"href":"https:\/\/bodmob.ro\/ro\/wp-json\/wp\/v2\/types\/product"}],"wp:featuredmedia":[{"embeddable":true,"href":"https:\/\/bodmob.ro\/ro\/wp-json\/wp\/v2\/media\/22019"}],"wp:attachment":[{"href":"https:\/\/bodmob.ro\/ro\/wp-json\/wp\/v2\/media?parent=22189"}],"wp:term":[{"taxonomy":"product_cat","embeddable":true,"href":"https:\/\/bodmob.ro\/ro\/wp-json\/wp\/v2\/product_cat?post=22189"},{"taxonomy":"product_tag","embeddable":true,"href":"https:\/\/bodmob.ro\/ro\/wp-json\/wp\/v2\/product_tag?post=22189"}],"curies":[{"name":"wp","href":"https:\/\/api.w.org\/{rel}","templated":true}]}}