{"id":22159,"date":"2020-02-10T15:27:21","date_gmt":"2020-02-10T15:27:21","guid":{"rendered":"https:\/\/bodmob.ro\/product\/o-legs\/"},"modified":"2023-10-18T12:40:30","modified_gmt":"2023-10-18T12:40:30","slug":"o-legs","status":"publish","type":"product","link":"https:\/\/bodmob.ro\/ro\/produs\/o-legs\/","title":{"rendered":"O-LEGS"},"content":{"rendered":"<p>Picioarele\u00a0 in form\u0103 de <strong>&#8222;O&#8221;<\/strong> sunt picioare foarte masive care pot fi folosite at\u00eet la mese rustice c\u00eet \u0219i la cele moderne.Sunt confec\u021bionate din lemn masiv esen\u021ba molid vopsit sau stejar lacuit precum si din metal vopsit negru.<\/p>\n<p>Recomand\u0103m la mesele de minimum 160 cm lungime si 90 cm l\u0103\u021bime.<\/p>\n","protected":false},"excerpt":{"rendered":"<p>Picioarele\u00a0 in form\u0103 de &#8222;O&#8221; sunt picioare foarte masive care pot fi folosite at\u00eet la mese rustice c\u00eet \u0219i la cele moderne.Sunt confec\u021bionate din lemn masiv esen\u021ba molid vopsit sau stejar lacuit precum si din metal vopsit negru. Recomand\u0103m la mesele de minimum 160 cm&#8230;<\/p>\n","protected":false},"featured_media":22067,"template":"","meta":[],"product_cat":[149,150],"product_tag":[],"class_list":{"0":"post-22159","1":"product","2":"type-product","3":"status-publish","4":"has-post-thumbnail","6":"product_cat-masa","7":"product_cat-picior-masa","9":"first","10":"instock","11":"shipping-taxable","12":"product-type-simple"},"yoast_head":"<!-- This site is optimized with the Yoast SEO plugin v25.4 - https:\/\/yoast.com\/wordpress\/plugins\/seo\/ -->\n<title>O-LEGS - Bodmob<\/title>\n<meta name=\"robots\" content=\"index, follow, max-snippet:-1, max-image-preview:large, max-video-preview:-1\" \/>\n<link rel=\"canonical\" href=\"https:\/\/bodmob.ro\/produs\/o-legs\/\" \/>\n<meta property=\"og:locale\" content=\"ro_RO\" \/>\n<meta property=\"og:type\" content=\"article\" \/>\n<meta property=\"og:title\" content=\"O-LEGS - Bodmob\" \/>\n<meta property=\"og:description\" content=\"Picioarele\u00a0 in form\u0103 de &#8222;O&#8221; sunt picioare foarte masive care pot fi folosite at\u00eet la mese rustice c\u00eet \u0219i la cele moderne.Sunt confec\u021bionate din lemn masiv esen\u021ba molid vopsit sau stejar lacuit precum si din metal vopsit negru. Recomand\u0103m la mesele de minimum 160 cm...\" \/>\n<meta property=\"og:url\" content=\"https:\/\/bodmob.ro\/produs\/o-legs\/\" \/>\n<meta property=\"og:site_name\" content=\"Bodmob\" \/>\n<meta property=\"article:modified_time\" content=\"2023-10-18T12:40:30+00:00\" \/>\n<meta property=\"og:image\" content=\"https:\/\/bodmob.ro\/wp-content\/uploads\/2020\/02\/O-LEGS.jpg\" \/>\n\t<meta property=\"og:image:width\" content=\"600\" \/>\n\t<meta property=\"og:image:height\" content=\"600\" \/>\n\t<meta property=\"og:image:type\" content=\"image\/jpeg\" \/>\n<meta name=\"twitter:card\" content=\"summary_large_image\" \/>\n<script type=\"application\/ld+json\" class=\"yoast-schema-graph\">{\"@context\":\"https:\/\/schema.org\",\"@graph\":[{\"@type\":\"WebPage\",\"@id\":\"https:\/\/bodmob.ro\/produs\/o-legs\/\",\"url\":\"https:\/\/bodmob.ro\/produs\/o-legs\/\",\"name\":\"O-LEGS - Bodmob\",\"isPartOf\":{\"@id\":\"https:\/\/bodmob.ro\/ro\/#website\"},\"primaryImageOfPage\":{\"@id\":\"https:\/\/bodmob.ro\/produs\/o-legs\/#primaryimage\"},\"image\":{\"@id\":\"https:\/\/bodmob.ro\/produs\/o-legs\/#primaryimage\"},\"thumbnailUrl\":\"https:\/\/bodmob.ro\/wp-content\/uploads\/2020\/02\/O-LEGS.jpg\",\"datePublished\":\"2020-02-10T15:27:21+00:00\",\"dateModified\":\"2023-10-18T12:40:30+00:00\",\"breadcrumb\":{\"@id\":\"https:\/\/bodmob.ro\/produs\/o-legs\/#breadcrumb\"},\"inLanguage\":\"ro-RO\",\"potentialAction\":[{\"@type\":\"ReadAction\",\"target\":[\"https:\/\/bodmob.ro\/produs\/o-legs\/\"]}]},{\"@type\":\"ImageObject\",\"inLanguage\":\"ro-RO\",\"@id\":\"https:\/\/bodmob.ro\/produs\/o-legs\/#primaryimage\",\"url\":\"https:\/\/bodmob.ro\/wp-content\/uploads\/2020\/02\/O-LEGS.jpg\",\"contentUrl\":\"https:\/\/bodmob.ro\/wp-content\/uploads\/2020\/02\/O-LEGS.jpg\",\"width\":600,\"height\":600},{\"@type\":\"BreadcrumbList\",\"@id\":\"https:\/\/bodmob.ro\/produs\/o-legs\/#breadcrumb\",\"itemListElement\":[{\"@type\":\"ListItem\",\"position\":1,\"name\":\"Home\",\"item\":\"https:\/\/bodmob.ro\/ro\/\"},{\"@type\":\"ListItem\",\"position\":2,\"name\":\"Shop\",\"item\":\"https:\/\/bodmob.ro\/ro\/shop-2\/\"},{\"@type\":\"ListItem\",\"position\":3,\"name\":\"O-LEGS\"}]},{\"@type\":\"WebSite\",\"@id\":\"https:\/\/bodmob.ro\/ro\/#website\",\"url\":\"https:\/\/bodmob.ro\/ro\/\",\"name\":\"Bodmob\",\"description\":\"Furniture - Hard &amp; soft wood\",\"potentialAction\":[{\"@type\":\"SearchAction\",\"target\":{\"@type\":\"EntryPoint\",\"urlTemplate\":\"https:\/\/bodmob.ro\/ro\/?s={search_term_string}\"},\"query-input\":{\"@type\":\"PropertyValueSpecification\",\"valueRequired\":true,\"valueName\":\"search_term_string\"}}],\"inLanguage\":\"ro-RO\"}]}<\/script>\n<!-- \/ Yoast SEO plugin. -->","yoast_head_json":{"title":"O-LEGS - Bodmob","robots":{"index":"index","follow":"follow","max-snippet":"max-snippet:-1","max-image-preview":"max-image-preview:large","max-video-preview":"max-video-preview:-1"},"canonical":"https:\/\/bodmob.ro\/produs\/o-legs\/","og_locale":"ro_RO","og_type":"article","og_title":"O-LEGS - Bodmob","og_description":"Picioarele\u00a0 in form\u0103 de &#8222;O&#8221; sunt picioare foarte masive care pot fi folosite at\u00eet la mese rustice c\u00eet \u0219i la cele moderne.Sunt confec\u021bionate din lemn masiv esen\u021ba molid vopsit sau stejar lacuit precum si din metal vopsit negru. Recomand\u0103m la mesele de minimum 160 cm...","og_url":"https:\/\/bodmob.ro\/produs\/o-legs\/","og_site_name":"Bodmob","article_modified_time":"2023-10-18T12:40:30+00:00","og_image":[{"width":600,"height":600,"url":"https:\/\/bodmob.ro\/wp-content\/uploads\/2020\/02\/O-LEGS.jpg","type":"image\/jpeg"}],"twitter_card":"summary_large_image","schema":{"@context":"https:\/\/schema.org","@graph":[{"@type":"WebPage","@id":"https:\/\/bodmob.ro\/produs\/o-legs\/","url":"https:\/\/bodmob.ro\/produs\/o-legs\/","name":"O-LEGS - Bodmob","isPartOf":{"@id":"https:\/\/bodmob.ro\/ro\/#website"},"primaryImageOfPage":{"@id":"https:\/\/bodmob.ro\/produs\/o-legs\/#primaryimage"},"image":{"@id":"https:\/\/bodmob.ro\/produs\/o-legs\/#primaryimage"},"thumbnailUrl":"https:\/\/bodmob.ro\/wp-content\/uploads\/2020\/02\/O-LEGS.jpg","datePublished":"2020-02-10T15:27:21+00:00","dateModified":"2023-10-18T12:40:30+00:00","breadcrumb":{"@id":"https:\/\/bodmob.ro\/produs\/o-legs\/#breadcrumb"},"inLanguage":"ro-RO","potentialAction":[{"@type":"ReadAction","target":["https:\/\/bodmob.ro\/produs\/o-legs\/"]}]},{"@type":"ImageObject","inLanguage":"ro-RO","@id":"https:\/\/bodmob.ro\/produs\/o-legs\/#primaryimage","url":"https:\/\/bodmob.ro\/wp-content\/uploads\/2020\/02\/O-LEGS.jpg","contentUrl":"https:\/\/bodmob.ro\/wp-content\/uploads\/2020\/02\/O-LEGS.jpg","width":600,"height":600},{"@type":"BreadcrumbList","@id":"https:\/\/bodmob.ro\/produs\/o-legs\/#breadcrumb","itemListElement":[{"@type":"ListItem","position":1,"name":"Home","item":"https:\/\/bodmob.ro\/ro\/"},{"@type":"ListItem","position":2,"name":"Shop","item":"https:\/\/bodmob.ro\/ro\/shop-2\/"},{"@type":"ListItem","position":3,"name":"O-LEGS"}]},{"@type":"WebSite","@id":"https:\/\/bodmob.ro\/ro\/#website","url":"https:\/\/bodmob.ro\/ro\/","name":"Bodmob","description":"Furniture - Hard &amp; soft wood","potentialAction":[{"@type":"SearchAction","target":{"@type":"EntryPoint","urlTemplate":"https:\/\/bodmob.ro\/ro\/?s={search_term_string}"},"query-input":{"@type":"PropertyValueSpecification","valueRequired":true,"valueName":"search_term_string"}}],"inLanguage":"ro-RO"}]}},"_links":{"self":[{"href":"https:\/\/bodmob.ro\/ro\/wp-json\/wp\/v2\/product\/22159"}],"collection":[{"href":"https:\/\/bodmob.ro\/ro\/wp-json\/wp\/v2\/product"}],"about":[{"href":"https:\/\/bodmob.ro\/ro\/wp-json\/wp\/v2\/types\/product"}],"wp:featuredmedia":[{"embeddable":true,"href":"https:\/\/bodmob.ro\/ro\/wp-json\/wp\/v2\/media\/22067"}],"wp:attachment":[{"href":"https:\/\/bodmob.ro\/ro\/wp-json\/wp\/v2\/media?parent=22159"}],"wp:term":[{"taxonomy":"product_cat","embeddable":true,"href":"https:\/\/bodmob.ro\/ro\/wp-json\/wp\/v2\/product_cat?post=22159"},{"taxonomy":"product_tag","embeddable":true,"href":"https:\/\/bodmob.ro\/ro\/wp-json\/wp\/v2\/product_tag?post=22159"}],"curies":[{"name":"wp","href":"https:\/\/api.w.org\/{rel}","templated":true}]}}